{"id":123,"date":"2022-05-11T15:05:55","date_gmt":"2022-05-11T15:05:55","guid":{"rendered":"http:\/\/www.oasisofcharity.org\/?page_id=123"},"modified":"2022-05-11T15:05:55","modified_gmt":"2022-05-11T15:05:55","slug":"adhesion","status":"publish","type":"page","link":"http:\/\/www.oasisofcharity.org\/?page_id=123&lang=fr","title":{"rendered":"Adhesion"},"content":{"rendered":"\n<p><\/p>\n\n\n\n<p>Notre association est une organization charitable \u00e0 but non lucratif et n&#8217;aspire \u00e0 aucun profit personnel ou financier ou politique. Elle se basera uniquement sur les aides et dons qu&#8217;elle esp\u00e8re se procurer gr\u00e2ce aux amis et connaissances au Liban et \u00e0 l&#8217;\u00e9tranger.<\/p>\n\n\n\n<p>Le tarif pour adh\u00e9rer \u00e0 l&#8217;association est de 90,000 L.L., et l&#8217;inscription annuelle de 50,000 L.L.<\/p>\n\n\n\n<p>Pour devenir un membre, svp compl\u00e9tez la <a href=\"http:\/\/www.oasisofcharity.org\/wp-content\/uploads\/2022\/05\/OASIS_Application_Form.AR_.pdf\">forme d&#8217;adh\u00e9sion<\/a>.<\/p>\n","protected":false},"excerpt":{"rendered":"<p>Notre association est une organization charitable \u00e0 but non lucratif et n&#8217;aspire \u00e0 aucun profit personnel ou financier ou politique. Elle se basera uniquement sur les aides et dons qu&#8217;elle esp\u00e8re se procurer gr\u00e2ce aux amis et connaissances au Liban et \u00e0 l&#8217;\u00e9tranger. Le tarif pour adh\u00e9rer \u00e0 l&#8217;association est de 90,000 L.L., et l&#8217;inscription annuelle de 50,000 L.L. Pour &hellip; <\/p>\n","protected":false},"author":1,"featured_media":0,"parent":0,"menu_order":0,"comment_status":"closed","ping_status":"closed","template":"","meta":{"footnotes":""},"class_list":["post-123","page","type-page","status-publish","hentry"],"_links":{"self":[{"href":"http:\/\/www.oasisofcharity.org\/index.php?rest_route=\/wp\/v2\/pages\/123","targetHints":{"allow":["GET"]}}],"collection":[{"href":"http:\/\/www.oasisofcharity.org\/index.php?rest_route=\/wp\/v2\/pages"}],"about":[{"href":"http:\/\/www.oasisofcharity.org\/index.php?rest_route=\/wp\/v2\/types\/page"}],"author":[{"embeddable":true,"href":"http:\/\/www.oasisofcharity.org\/index.php?rest_route=\/wp\/v2\/users\/1"}],"replies":[{"embeddable":true,"href":"http:\/\/www.oasisofcharity.org\/index.php?rest_route=%2Fwp%2Fv2%2Fcomments&post=123"}],"version-history":[{"count":1,"href":"http:\/\/www.oasisofcharity.org\/index.php?rest_route=\/wp\/v2\/pages\/123\/revisions"}],"predecessor-version":[{"id":124,"href":"http:\/\/www.oasisofcharity.org\/index.php?rest_route=\/wp\/v2\/pages\/123\/revisions\/124"}],"wp:attachment":[{"href":"http:\/\/www.oasisofcharity.org\/index.php?rest_route=%2Fwp%2Fv2%2Fmedia&parent=123"}],"curies":[{"name":"wp","href":"https:\/\/api.w.org\/{rel}","templated":true}]}}