{"id":125,"date":"2022-05-11T15:09:29","date_gmt":"2022-05-11T15:09:29","guid":{"rendered":"http:\/\/www.oasisofcharity.org\/?page_id=125"},"modified":"2022-05-11T15:09:29","modified_gmt":"2022-05-11T15:09:29","slug":"dons","status":"publish","type":"page","link":"http:\/\/www.oasisofcharity.org\/?page_id=125&lang=fr","title":{"rendered":"Dons"},"content":{"rendered":"\n<p><\/p>\n\n\n\n<p>Votre donation mon\u00e9taire g\u00e9n\u00e9reuse est beaucoup appr\u00e9ci\u00e9e. Vous pouvez \u00eatre assur\u00e9 que n&#8217;importe quelle quantit\u00e9 sera mise \u00e0 la bonne utilisation en aidant ceux en besoin.<\/p>\n\n\n\n<p>Des comptes en argent libanais et en dollar americain sont disponibles &amp;agrave la banque de Beyrouth et des pays arabes (BBAC). Pour faire une donation, des fonds peuvent \u00eatre transf\u00e9r\u00e9s aux numeros de comptes bancaires suivant:<\/p>\n\n\n\n<ul class=\"wp-block-list\"><li>Dollars Americains : 0015-268197-002<\/li><li>Livres Libanaises: 0015-268197-001<\/li><\/ul>\n\n\n\n<div class=\"wp-block-columns is-layout-flex wp-container-core-columns-is-layout-1 wp-block-columns-is-layout-flex\">\n<div class=\"wp-block-column is-layout-flow wp-block-column-is-layout-flow\" style=\"flex-basis:33.33%\">\n<div class=\"wp-block-image is-style-default\"><figure class=\"aligncenter size-full\"><img loading=\"lazy\" decoding=\"async\" width=\"132\" height=\"60\" src=\"http:\/\/www.oasisofcharity.org\/wp-content\/uploads\/2022\/05\/BBAC_logo-1.gif\" alt=\"\" class=\"wp-image-107\"\/><\/figure><\/div>\n<\/div>\n\n\n\n<div class=\"wp-block-column is-layout-flow wp-block-column-is-layout-flow\" style=\"flex-basis:66.66%\">\n<p><a href=\"http:\/\/www.bbac.com.lb\">BBAC<\/a><br>250, Clemenceau Street Beirut &#8211; Lebanon<br>P.O. Box: 11-1536<br>Cable: ARABCONTRIBANK<br>Swift: BBACLBBX<\/p>\n<\/div>\n<\/div>\n\n\n\n<p><\/p>\n","protected":false},"excerpt":{"rendered":"<p>Votre donation mon\u00e9taire g\u00e9n\u00e9reuse est beaucoup appr\u00e9ci\u00e9e. Vous pouvez \u00eatre assur\u00e9 que n&#8217;importe quelle quantit\u00e9 sera mise \u00e0 la bonne utilisation en aidant ceux en besoin. Des comptes en argent libanais et en dollar americain sont disponibles &amp;agrave la banque de Beyrouth et des pays arabes (BBAC). Pour faire une donation, des fonds peuvent \u00eatre transf\u00e9r\u00e9s aux numeros de comptes &hellip; <\/p>\n","protected":false},"author":1,"featured_media":0,"parent":0,"menu_order":0,"comment_status":"closed","ping_status":"closed","template":"","meta":{"footnotes":""},"class_list":["post-125","page","type-page","status-publish","hentry"],"_links":{"self":[{"href":"http:\/\/www.oasisofcharity.org\/index.php?rest_route=\/wp\/v2\/pages\/125","targetHints":{"allow":["GET"]}}],"collection":[{"href":"http:\/\/www.oasisofcharity.org\/index.php?rest_route=\/wp\/v2\/pages"}],"about":[{"href":"http:\/\/www.oasisofcharity.org\/index.php?rest_route=\/wp\/v2\/types\/page"}],"author":[{"embeddable":true,"href":"http:\/\/www.oasisofcharity.org\/index.php?rest_route=\/wp\/v2\/users\/1"}],"replies":[{"embeddable":true,"href":"http:\/\/www.oasisofcharity.org\/index.php?rest_route=%2Fwp%2Fv2%2Fcomments&post=125"}],"version-history":[{"count":1,"href":"http:\/\/www.oasisofcharity.org\/index.php?rest_route=\/wp\/v2\/pages\/125\/revisions"}],"predecessor-version":[{"id":126,"href":"http:\/\/www.oasisofcharity.org\/index.php?rest_route=\/wp\/v2\/pages\/125\/revisions\/126"}],"wp:attachment":[{"href":"http:\/\/www.oasisofcharity.org\/index.php?rest_route=%2Fwp%2Fv2%2Fmedia&parent=125"}],"curies":[{"name":"wp","href":"https:\/\/api.w.org\/{rel}","templated":true}]}}