{"id":80,"date":"2022-05-10T14:29:58","date_gmt":"2022-05-10T14:29:58","guid":{"rendered":"http:\/\/www.oasisofcharity.org\/home-francais\/"},"modified":"2022-05-10T15:01:06","modified_gmt":"2022-05-10T15:01:06","slug":"home-francais","status":"publish","type":"page","link":"http:\/\/www.oasisofcharity.org\/?page_id=80&lang=fr","title":{"rendered":"Accueil"},"content":{"rendered":"\n<p><\/p>\n\n\n\n<p>Les associations caritatives sont un ph\u00e9nom\u00e8ne social que l&#8217;on trouve dans toutes les soci\u00e9t\u00e9s. \u00a0Son objectif\u00a0principal est de subvenir aux besoins vitaux de l&#8217;individu dans son entourage, somme \u00e0 l&#8217;aider \u00e0 surmonter les difficult\u00e9s et probl\u00e8mes quotidiens.<\/p>\n\n\n\n<p>En nous basant sur ces donn\u00e9es, nous avons cr\u00e9e une association caritative du nom &#8221;L&#8217;Oasis Des Charit\u00e9s&#8221; et qui a \u00e9t\u00e9 registr\u00e9e l\u00e9galement le 23\/11\/2005 sous le num\u00e9ro 291\/A.D.<\/p>\n","protected":false},"excerpt":{"rendered":"<p>Les associations caritatives sont un ph\u00e9nom\u00e8ne social que l&#8217;on trouve dans toutes les soci\u00e9t\u00e9s. \u00a0Son objectif\u00a0principal est de subvenir aux besoins vitaux de l&#8217;individu dans son entourage, somme \u00e0 l&#8217;aider \u00e0 surmonter les difficult\u00e9s et probl\u00e8mes quotidiens. En nous basant sur ces donn\u00e9es, nous avons cr\u00e9e une association caritative du nom &#8221;L&#8217;Oasis Des Charit\u00e9s&#8221; et qui a \u00e9t\u00e9 registr\u00e9e l\u00e9galement &hellip; <\/p>\n","protected":false},"author":1,"featured_media":0,"parent":0,"menu_order":0,"comment_status":"closed","ping_status":"closed","template":"template-home.php","meta":{"footnotes":""},"class_list":["post-80","page","type-page","status-publish","hentry"],"_links":{"self":[{"href":"http:\/\/www.oasisofcharity.org\/index.php?rest_route=\/wp\/v2\/pages\/80","targetHints":{"allow":["GET"]}}],"collection":[{"href":"http:\/\/www.oasisofcharity.org\/index.php?rest_route=\/wp\/v2\/pages"}],"about":[{"href":"http:\/\/www.oasisofcharity.org\/index.php?rest_route=\/wp\/v2\/types\/page"}],"author":[{"embeddable":true,"href":"http:\/\/www.oasisofcharity.org\/index.php?rest_route=\/wp\/v2\/users\/1"}],"replies":[{"embeddable":true,"href":"http:\/\/www.oasisofcharity.org\/index.php?rest_route=%2Fwp%2Fv2%2Fcomments&post=80"}],"version-history":[{"count":8,"href":"http:\/\/www.oasisofcharity.org\/index.php?rest_route=\/wp\/v2\/pages\/80\/revisions"}],"predecessor-version":[{"id":100,"href":"http:\/\/www.oasisofcharity.org\/index.php?rest_route=\/wp\/v2\/pages\/80\/revisions\/100"}],"wp:attachment":[{"href":"http:\/\/www.oasisofcharity.org\/index.php?rest_route=%2Fwp%2Fv2%2Fmedia&parent=80"}],"curies":[{"name":"wp","href":"https:\/\/api.w.org\/{rel}","templated":true}]}}